{"id":1028,"date":"2018-05-16T18:14:58","date_gmt":"2018-05-16T18:14:58","guid":{"rendered":"http:\/\/cauceecologico.org\/?page_id=1028"},"modified":"2026-04-15T11:24:40","modified_gmt":"2026-04-15T11:24:40","slug":"equipo-ejecutivo","status":"publish","type":"page","link":"https:\/\/cauceecologico.org\/?page_id=1028","title":{"rendered":"Equipo"},"content":{"rendered":"<h2><span style=\"color: #8b6339;\">Equipo de trabajo<\/span><\/h2>\n<p><strong>Valeria In\u00e9s Enderle<\/strong> \u2013 <strong>Directora ejecutiva. Coordinadora del \u00c1rea Incidencia y Democracia Ambiental.<\/strong><\/p>\n<p>Abogada. Magister en Derecho Ambiental y Urbanismo (Universit\u00e9 de Limoges, Francia). Especialista en Derecho Ambiental y Tutela del Patrimonio Cultural (UNL). Diplomada en \u201cProtecci\u00f3n Internacional de los Derechos Humanos de la Mujer\u201d, por la Universidad Austral, la Comisi\u00f3n Interamericana de Mujeres, la Escuela de Gobierno de la OEA y el Programa de Lucha contra la Trata de Personas de la OEA. Diplomada en \u201cDerechos Humanos\u201d nivel avanzado por el Centro Latinoamericano de Derechos Humanos (CLADH).<\/p>\n<p><strong>Joel de Souza<\/strong> <strong>\u2013 Director ejecutivo adjunto.<\/strong> <strong>Coordinador del \u00c1rea de Infraestructura e Inversiones.\u00a0<\/strong><\/p>\n<p>Contador P\u00fablico Nacional (UNER). Diplomado en Gesti\u00f3n de Proyectos (UTN, Buenos Aires). M\u00e1s de diez a\u00f1os de trayectoria<span style=\"font-weight: 400;\"> en el sector p\u00fablico de Entre R\u00edos y Paran\u00e1, con experiencia en el \u00e1rea administrativa-presupuestaria del Ministerio de Desarrollo Social, en el an\u00e1lisis econ\u00f3mico y asistencia t\u00e9cnica de proyectos productivos en el marco de la Direcci\u00f3n de Industria Provincial y en la generaci\u00f3n de pol\u00edticas de desarrollo y promoci\u00f3n del turismo de la ciudad de Paran\u00e1.\u00a0<\/span><\/p>\n<p><strong>Rodrigo Ceballos<\/strong> \u2013 <strong>Coordinador del \u00c1rea Administrativa &#8211; Contable.<\/strong><\/p>\n<p>Contador P\u00fablico Nacional (UNER). Diplomado en Desarrollo Sostenible (UTN, Buenos Aires).<\/p>\n<p><strong>Glenda In\u00e9s Mangia<\/strong>&#8211;<strong> Coordinadora del \u00c1rea de Agroecolog\u00eda y Alimentaci\u00f3n.<\/strong><\/p>\n<p>Licenciada en Nutrici\u00f3n (FBCB-UNL), creadora de Conciencia Nutritiva e integrante de la C\u00e1tedra Abierta de Soberan\u00eda Alimentaria (CASA-FCSyH, UADER). Forma parte del equipo de nutricionistas del grupo intensivo de diabetes de la investigaci\u00f3n nacional MicrobiAr. Formaci\u00f3n en Sistemas Alimentarios Sostenible (UCA), Alimentaci\u00f3n Basada en Plantas (UNLP), Psicolog\u00eda de la Alimentaci\u00f3n y Equidad de G\u00e9nero en Salud (Ministerio de Salud). Becada en 2021 por JWH Initiative y Boths ENDS por ser considerada joven l\u00edder ambiental.<\/p>\n<p><strong>Juli\u00e1n Alberto Parodi. <\/strong>Ingeniero agr\u00f3nomo (FCA-UNER). Formado en cursos de posgrado La Agroecolog\u00eda desde un enfoque sist\u00e9mico (FCA\/INTA EEA Paran\u00e1) y Biodiversidad, Agroecolog\u00eda y Agricultura Sustentable (FCA \u2013 UNCuyo). Diplomado en Agricultura Org\u00e1nica y Ganader\u00eda Regenerativa, por los especialistas Jairo Restrepo, Ignacio Sim\u00f3n Zamora y Juan Dutra. Diplomado en Herramientas de Gesti\u00f3n Para la Conservaci\u00f3n y el Uso Sostenible de los Humedales del Corredor Fluvial Paran\u00e1-Paraguay, por la UNSAM y la Escuela de H\u00e1bitat y Sostenibilidad. Coordinador de las Pr\u00e1cticas Profesionalizantes (PP) y Docente de la asignatura Agroecolog\u00eda en Entre R\u00edos, de la Tecnicatura Superior en Agroecolog\u00eda del Instituto T\u00e9cnico Superior de Cerrito (ITSC).\u00a0 Integrante e impulsor de la Plataforma Agroecol\u00f3gica Argentina (PAA).<\/p>\n<p><strong>Alfonsina Fern\u00e1ndez \u00a0\u2013<\/strong> <strong>Coordinadora del \u00c1rea de Comunicaci\u00f3n, Cultura y Educaci\u00f3n.<\/strong><\/p>\n<p>Licenciada en Comunicaci\u00f3n. Magister en Metodolog\u00edas de la Investigaci\u00f3n. En su tesis de posgrado abord\u00f3 temas de g\u00e9nero y narrativas. Estudia la importancia de las im\u00e1genes para el conocimiento y la investigaci\u00f3n en las ciencias sociales. Se ha formado en temas de gesti\u00f3n organizacional. Actualmente, se desempe\u00f1a como contenidista del portal educativo de la provincia de Entre R\u00edos. Realiza acompa\u00f1amiento metodol\u00f3gico y de escritura acad\u00e9mica de grado y posgrado. Se ha desempe\u00f1ado en instituciones educativas y culturales de diversa \u00edndole.<\/p>\n<p><strong>Ana Luc\u00eda Vergara. <\/strong>Licenciada en Comunicaci\u00f3n Social con menci\u00f3n en Comunicaci\u00f3n y Educaci\u00f3n (FCEDU-UNER).\u00a0 Capacitaci\u00f3n Universitaria Extracurricular en Cultura y Ambiente (UBA). <span style=\"font-weight: 400;\">Adscripta en la c\u00e1tedra de Antropolog\u00eda de la Licenciatura en Comunicaci\u00f3n Social (FCEDU-UNER) a\u00f1os 2021-2022. Experiencia en comunicaci\u00f3n institucional y gesti\u00f3n cultural.<\/span><\/p>\n<p><strong>Roc\u00edo Fern\u00e1ndez Doval<\/strong>.\u00a0Licenciada en Comunicaci\u00f3n Social con Menci\u00f3n en Comunicaci\u00f3n y Educaci\u00f3n (FCEDU-UNER). Se desempe\u00f1a como comunicadora y gestora cultural. Es docente auxiliar de primera en la c\u00e1tedra Comunicaci\u00f3n Institucional de la Tecnicatura en Gesti\u00f3n Cultural (FCEDU-UNER). Se ha especializado en escritura creativa (FLACSO, UNTREF).<\/p>\n<p><strong>Mariano Sanguinetti.<\/strong> Dise\u00f1ador gr\u00e1fico.<\/p>\n<p><strong>Jos\u00e9 Carlos Mar\u00eda Rojas<\/strong>. Bioingeniero (Facultad de Ingenier\u00eda-UNER) con experiencia en el sector privado en Industria Farmac\u00e9utica como l\u00edder de equipo dentro del sector ingenier\u00eda y mantenimiento (Eriochem y LAFEDAR) y en el sector p\u00fablico como asesor t\u00e9cnico de la Direcci\u00f3n General de Industria de Entre R\u00edos.<\/p>\n<p><span style=\"font-weight: 400;\"><strong>Paola Ruiz Lisman.<\/strong> Licenciada en Ciencia Pol\u00edtica (FTS-UNER). <\/span><span style=\"font-weight: 400;\">Consultora en temas de g\u00e9nero y ambiente.<\/span><\/p>\n<p><span style=\"font-weight: 400;\">Asesor:\u00a0<\/span><\/p>\n<p><b>Mart\u00edn Blettler<\/b><span style=\"font-weight: 400;\">: licenciado, mag\u00edster y doctor en Ciencias Biol\u00f3gicas (FHUC-UNL; UEM-Brasil; FIQ-UNL). Investigador independiente de CONICET. Revisor y coeditor en diversas revistas cient\u00edficas.\u00a0<\/span><\/p>\n<h2><span style=\"color: #8b6339;\">Consejo de Administraci\u00f3n<\/span><\/h2>\n<p><strong>FACUNDO HALLE<\/strong>, presidente<\/p>\n<p><strong>LUCAS CID<\/strong>, secretario<\/p>\n<p><strong>PABLO GALARZA<\/strong>, tesorero<\/p>\n<p><strong>GUSTAVO ROMERO<\/strong>, vocal<\/p>\n<p><strong>EMILIA GONZALEZ CIAN<\/strong>, vocal<\/p>\n<p>&nbsp;<\/p>\n<div class=\"mvp-post-main-out left relative\">\n<div class=\"mvp-post-main-in\">\n<div id=\"mvp-post-content\" class=\"left relative\">\n<div id=\"mvp-content-wrap\" class=\"left relative\">\n<div class=\"mvp-post-soc-out right relative\">\n<div class=\"mvp-post-soc-in\">\n<div id=\"mvp-content-body\" class=\"left-relative\">\n<div id=\"mvp-content-main\" class=\"left relative\">\n<div id=\"tps_slideContainer_1466\" class=\"theiaPostSlider_slides\">\n<div class=\"theiaPostSlider_preloadedSlide\">\n<p>&nbsp;<\/p>\n<\/div>\n<\/div>\n<\/div>\n<\/div>\n<\/div>\n<\/div>\n<\/div>\n<\/div>\n<\/div>\n<\/div>\n","protected":false},"excerpt":{"rendered":"<p>Equipo de trabajo Valeria In\u00e9s Enderle \u2013 Directora ejecutiva. Coordinadora del \u00c1rea Incidencia y Democracia Ambiental. Abogada. Magister en Derecho Ambiental y Urbanismo (Universit\u00e9 de Limoges, Francia). Especialista en Derecho Ambiental y Tutela del Patrimonio Cultural (UNL). Diplomada en \u201cProtecci\u00f3n Internacional de los Derechos Humanos de la Mujer\u201d, por la Universidad Austral, la Comisi\u00f3n Interamericana [&hellip;]<\/p>\n","protected":false},"author":1,"featured_media":0,"parent":0,"menu_order":0,"comment_status":"closed","ping_status":"closed","template":"","meta":{"om_disable_all_campaigns":false,"_monsterinsights_skip_tracking":false,"_monsterinsights_sitenote_active":false,"_monsterinsights_sitenote_note":"","_monsterinsights_sitenote_category":0,"amp_status":"","footnotes":""},"class_list":["post-1028","page","type-page","status-publish","hentry"],"aioseo_notices":[],"_links":{"self":[{"href":"https:\/\/cauceecologico.org\/index.php?rest_route=\/wp\/v2\/pages\/1028","targetHints":{"allow":["GET"]}}],"collection":[{"href":"https:\/\/cauceecologico.org\/index.php?rest_route=\/wp\/v2\/pages"}],"about":[{"href":"https:\/\/cauceecologico.org\/index.php?rest_route=\/wp\/v2\/types\/page"}],"author":[{"embeddable":true,"href":"https:\/\/cauceecologico.org\/index.php?rest_route=\/wp\/v2\/users\/1"}],"replies":[{"embeddable":true,"href":"https:\/\/cauceecologico.org\/index.php?rest_route=%2Fwp%2Fv2%2Fcomments&post=1028"}],"version-history":[{"count":69,"href":"https:\/\/cauceecologico.org\/index.php?rest_route=\/wp\/v2\/pages\/1028\/revisions"}],"predecessor-version":[{"id":5750,"href":"https:\/\/cauceecologico.org\/index.php?rest_route=\/wp\/v2\/pages\/1028\/revisions\/5750"}],"wp:attachment":[{"href":"https:\/\/cauceecologico.org\/index.php?rest_route=%2Fwp%2Fv2%2Fmedia&parent=1028"}],"curies":[{"name":"wp","href":"https:\/\/api.w.org\/{rel}","templated":true}]}}